{"id":1220,"date":"2022-08-05T10:50:35","date_gmt":"2022-08-05T08:50:35","guid":{"rendered":"https:\/\/goforflex.com\/qui-sommes-nous\/"},"modified":"2022-08-07T11:03:27","modified_gmt":"2022-08-07T09:03:27","slug":"qui-sommes-nous","status":"publish","type":"page","link":"https:\/\/goforflex.com\/fr\/qui-sommes-nous\/","title":{"rendered":"Qui sommes-nous ?"},"content":{"rendered":"<style>#kt-layout-id_f6fd72-86 > .kt-row-column-wrap{z-index:10;position:relative;align-content:center;}:where(#kt-layout-id_f6fd72-86 > .kt-row-column-wrap) > .wp-block-kadence-column{justify-content:center;}#kt-layout-id_f6fd72-86 > .kt-row-column-wrap{column-gap:var(--global-kb-gap-md, 2rem);row-gap:var(--global-kb-gap-md, 2rem);padding-top:var( --global-kb-row-default-top, 25px );padding-bottom:var( --global-kb-row-default-bottom, 25px );padding-top:50px;padding-bottom:120px;padding-left:25px;padding-right:25px;min-height:500px;grid-template-columns:minmax(0, 1fr);}#kt-layout-id_f6fd72-86 > .kt-row-layout-overlay{opacity:1;background-image:linear-gradient(90deg, var(--global-palette1, #3182CE) 12%, var(--global-palette2, #2B6CB0) 100%);}#kt-layout-id_f6fd72-86 .kt-row-layout-bottom-sep{height:100px;}#kt-layout-id_f6fd72-86 .kt-row-layout-bottom-sep svg{width:100%;}#kt-layout-id_f6fd72-86 .kt-row-layout-bottom-sep svg{fill:var(--global-palette9, #ffffff)!important;}@media all and (max-width: 1024px){#kt-layout-id_f6fd72-86 > .kt-row-column-wrap{grid-template-columns:minmax(0, 1fr);}}@media all and (max-width: 1024px){#kt-layout-id_f6fd72-86 .kt-row-layout-bottom-sep{height:px;}}@media all and (max-width: 1024px){#kt-layout-id_f6fd72-86 .kt-row-layout-bottom-sep svg{width:%;}}@media all and (max-width: 767px){#kt-layout-id_f6fd72-86 > .kt-row-column-wrap{grid-template-columns:minmax(0, 1fr);}#kt-layout-id_f6fd72-86 .kt-row-layout-bottom-sep{height:px;}#kt-layout-id_f6fd72-86 .kt-row-layout-bottom-sep svg{width:%;}}<\/style>\n<div class=\"wp-block-kadence-rowlayout alignnone\"><div id=\"kt-layout-id_f6fd72-86\" class=\"kt-row-layout-inner kt-row-has-bg kt-layout-id_f6fd72-86\"><div class=\"kt-row-layout-overlay kt-row-overlay-gradient\"><\/div><div class=\"kt-row-column-wrap kt-has-1-columns kt-gutter-default kt-v-gutter-default kt-row-valign-middle kt-row-layout-equal kt-tab-layout-inherit kt-m-colapse-left-to-right kt-mobile-layout-row\"><style>.kadence-column_cdd288-3f > .kt-inside-inner-col{border-top-width:0px;border-right-width:0px;border-bottom-width:0px;border-left-width:0px;}.kadence-column_cdd288-3f > .kt-inside-inner-col,.kadence-column_cdd288-3f > .kt-inside-inner-col:before{border-top-left-radius:0px;border-top-right-radius:0px;border-bottom-right-radius:0px;border-bottom-left-radius:0px;}.kadence-column_cdd288-3f > .kt-inside-inner-col{column-gap:var(--global-kb-gap-sm, 1rem);}.kadence-column_cdd288-3f > .kt-inside-inner-col{flex-direction:column;}.kadence-column_cdd288-3f > .kt-inside-inner-col > .aligncenter{width:100%;}.kadence-column_cdd288-3f > .kt-inside-inner-col:before{opacity:0.3;}.kadence-column_cdd288-3f{position:relative;}@media all and (max-width: 1024px){.kadence-column_cdd288-3f > .kt-inside-inner-col{flex-direction:column;justify-content:center;}}@media all and (max-width: 767px){.kadence-column_cdd288-3f > .kt-inside-inner-col{flex-direction:column;justify-content:center;}}<\/style>\n<div class=\"wp-block-kadence-column inner-column-1 kadence-column_cdd288-3f\"><div class=\"kt-inside-inner-col\"><style>.wp-block-kadence-advancedheading.kt-adv-heading_0ea215-0f, .wp-block-kadence-advancedheading.kt-adv-heading_0ea215-0f[data-kb-block=\"kb-adv-heading_0ea215-0f\"]{text-align:center;font-size:60px;font-style:normal;color:#ffffff;text-shadow:1px 1px 1px rgba(0, 0, 0, 0.2);}.wp-block-kadence-advancedheading.kt-adv-heading_0ea215-0f mark.kt-highlight, .wp-block-kadence-advancedheading.kt-adv-heading_0ea215-0f[data-kb-block=\"kb-adv-heading_0ea215-0f\"] mark.kt-highlight{font-style:normal;color:#f76a0c;-webkit-box-decoration-break:clone;box-decoration-break:clone;padding-top:0px;padding-right:0px;padding-bottom:0px;padding-left:0px;}.wp-block-kadence-advancedheading.kt-adv-heading_0ea215-0f img.kb-inline-image, .wp-block-kadence-advancedheading.kt-adv-heading_0ea215-0f[data-kb-block=\"kb-adv-heading_0ea215-0f\"] img.kb-inline-image{width:150px;vertical-align:baseline;}@media all and (max-width: 1024px){.wp-block-kadence-advancedheading.kt-adv-heading_0ea215-0f, .wp-block-kadence-advancedheading.kt-adv-heading_0ea215-0f[data-kb-block=\"kb-adv-heading_0ea215-0f\"]{text-shadow:1px 1px 1px rgba(0, 0, 0, 0.2);font-size:50px;}}@media all and (max-width: 767px){.wp-block-kadence-advancedheading.kt-adv-heading_0ea215-0f, .wp-block-kadence-advancedheading.kt-adv-heading_0ea215-0f[data-kb-block=\"kb-adv-heading_0ea215-0f\"]{text-shadow:1px 1px 1px rgba(0, 0, 0, 0.2);font-size:40px;}}<\/style>\n<h1 class=\"kt-adv-heading_0ea215-0f wp-block-kadence-advancedheading\" data-kb-block=\"kb-adv-heading_0ea215-0f\">Qui sommes-nous ?<\/h1>\n<\/div><\/div>\n<\/div><div class=\"kt-row-layout-bottom-sep kt-row-sep-type-mtns\"><svg style=\"fill:var(--global-palette9)\" viewBox=\"0 0 1000 100\" preserveAspectRatio=\"none\"><path d=\"M1000,50l-182.69,-45.286l-292.031,61.197l-190.875,-41.075l-143.748,28.794l-190.656,-23.63l0,70l1000,0l0,-50Z\" style=\"opacity:0.4\"><\/path><path d=\"M1000,57l-152.781,-22.589l-214.383,19.81l-159.318,-21.471l-177.44,25.875l-192.722,5.627l-103.356,-27.275l0,63.023l1000,0l0,-43Z\"><\/path><\/svg><\/div><\/div><\/div>\n<style>#kt-layout-id_ec6737-52{margin-top:-200px;}#kt-layout-id_ec6737-52 > .kt-row-column-wrap{align-content:start;}:where(#kt-layout-id_ec6737-52 > .kt-row-column-wrap) > .wp-block-kadence-column{justify-content:start;}#kt-layout-id_ec6737-52 > .kt-row-column-wrap{column-gap:var(--global-kb-gap-md, 2rem);row-gap:var(--global-kb-gap-md, 2rem);max-width:1200px;margin-left:auto;margin-right:auto;padding-top:var( --global-kb-row-default-top, 25px );padding-bottom:var( --global-kb-row-default-bottom, 25px );padding-top:60px;padding-bottom:50px;padding-left:25px;padding-right:25px;grid-template-columns:minmax(0, 1fr);}#kt-layout-id_ec6737-52 > .kt-row-layout-overlay{opacity:0.30;}@media all and (max-width: 1024px){#kt-layout-id_ec6737-52 > .kt-row-column-wrap{grid-template-columns:minmax(0, 1fr);}}@media all and (max-width: 767px){#kt-layout-id_ec6737-52 > .kt-row-column-wrap{grid-template-columns:minmax(0, 1fr);}}<\/style>\n<div class=\"wp-block-kadence-rowlayout alignnone\"><div id=\"kt-layout-id_ec6737-52\" class=\"kt-row-layout-inner kt-layout-id_ec6737-52\"><div class=\"kt-row-column-wrap kt-has-1-columns kt-gutter-default kt-v-gutter-default kt-row-valign-top kt-row-layout-equal kt-tab-layout-inherit kt-m-colapse-left-to-right kt-mobile-layout-row\"><style>.kadence-column_01039b-14 > .kt-inside-inner-col{padding-top:50px;padding-bottom:30px;padding-left:40px;padding-right:40px;}.kadence-column_01039b-14 > .kt-inside-inner-col{box-shadow:0px -60px 30px 0px rgba(0, 0, 0, 0.07);border-top-width:0px;border-right-width:0px;border-bottom-width:0px;border-left-width:0px;}.kadence-column_01039b-14 > .kt-inside-inner-col,.kadence-column_01039b-14 > .kt-inside-inner-col:before{border-top-left-radius:10px;border-top-right-radius:10px;border-bottom-right-radius:10px;border-bottom-left-radius:10px;}.kadence-column_01039b-14 > .kt-inside-inner-col{column-gap:var(--global-kb-gap-sm, 1rem);}.kadence-column_01039b-14 > .kt-inside-inner-col{flex-direction:column;}.kadence-column_01039b-14 > .kt-inside-inner-col > .aligncenter{width:100%;}.kadence-column_01039b-14 > .kt-inside-inner-col{background-color:var(--global-palette9, #ffffff);}.kadence-column_01039b-14 > .kt-inside-inner-col:before{opacity:0.3;}.kadence-column_01039b-14{position:relative;}.wp-block-kadence-column.kadence-column_01039b-14 > .kt-inside-inner-col{margin-top:-50px;}@media all and (max-width: 1024px){.kadence-column_01039b-14 > .kt-inside-inner-col{flex-direction:column;justify-content:center;}}@media all and (max-width: 767px){.kadence-column_01039b-14 > .kt-inside-inner-col{flex-direction:column;justify-content:center;}}<\/style>\n<div class=\"wp-block-kadence-column inner-column-1 kadence-column_01039b-14\"><div class=\"kt-inside-inner-col\"><style>.wp-block-kadence-advancedheading.kt-adv-heading_4b3ebc-df, .wp-block-kadence-advancedheading.kt-adv-heading_4b3ebc-df[data-kb-block=\"kb-adv-heading_4b3ebc-df\"]{text-align:center;font-size:36px;font-style:normal;letter-spacing:-0.1px;}.wp-block-kadence-advancedheading.kt-adv-heading_4b3ebc-df mark.kt-highlight, .wp-block-kadence-advancedheading.kt-adv-heading_4b3ebc-df[data-kb-block=\"kb-adv-heading_4b3ebc-df\"] mark.kt-highlight{font-style:normal;color:var(--global-palette1, #3182CE);-webkit-box-decoration-break:clone;box-decoration-break:clone;padding-top:0px;padding-right:0px;padding-bottom:0px;padding-left:0px;}.wp-block-kadence-advancedheading.kt-adv-heading_4b3ebc-df img.kb-inline-image, .wp-block-kadence-advancedheading.kt-adv-heading_4b3ebc-df[data-kb-block=\"kb-adv-heading_4b3ebc-df\"] img.kb-inline-image{width:150px;vertical-align:baseline;}<\/style>\n<h2 class=\"kt-adv-heading_4b3ebc-df wp-block-kadence-advancedheading has-theme-palette-2-color has-text-color\" data-kb-block=\"kb-adv-heading_4b3ebc-df\">Passionn\u00e9s. <mark class=\"kt-highlight\">Flexibles.<\/mark> Sp\u00e9cialis\u00e9s. <mark class=\"kt-highlight\">Exp\u00e9riment\u00e9s.<\/mark><\/h2>\n\n\n<style>.wp-block-kadence-advancedheading.kt-adv-heading_f46f77-c7, .wp-block-kadence-advancedheading.kt-adv-heading_f46f77-c7[data-kb-block=\"kb-adv-heading_f46f77-c7\"]{font-style:normal;}.wp-block-kadence-advancedheading.kt-adv-heading_f46f77-c7 mark.kt-highlight, .wp-block-kadence-advancedheading.kt-adv-heading_f46f77-c7[data-kb-block=\"kb-adv-heading_f46f77-c7\"] mark.kt-highlight{font-style:normal;color:#f76a0c;-webkit-box-decoration-break:clone;box-decoration-break:clone;padding-top:0px;padding-right:0px;padding-bottom:0px;padding-left:0px;}.wp-block-kadence-advancedheading.kt-adv-heading_f46f77-c7 img.kb-inline-image, .wp-block-kadence-advancedheading.kt-adv-heading_f46f77-c7[data-kb-block=\"kb-adv-heading_f46f77-c7\"] img.kb-inline-image{width:150px;vertical-align:baseline;}<\/style>\n<p class=\"kt-adv-heading_f46f77-c7 wp-block-kadence-advancedheading\" data-kb-block=\"kb-adv-heading_f46f77-c7\">Nous sommes une soci\u00e9t\u00e9 de cr\u00e9ation de sites Internet. Nous sommes bas\u00e9s \u00e0 Amsterdam et nous concevons des solutions digitales pour vous garantir une presence en ligne des entreprises de nos clients. Nos solutions Internet facilitent les interactions avec vos clients et collaborateurs.<br\/><br\/>Nous avons plus de 20 ans d&rsquo;exp\u00e9rience dans les domaines du DevOps, des technologies de l&rsquo;information, du marketing et de la communication. Nos sites web et nos solutions num\u00e9riques ne se contentent pas d&rsquo;\u00eatre \u00e9l\u00e9gants, ils sont plus performants, ils transforment. Si vous cherchez uniquement \u00e0 g\u00e9n\u00e9rer des demandes de renseignements, \u00e0 maximiser la sensibilisation ou \u00e0 augmenter les ventes de vos produits et\/ou services, nous disposons des comp\u00e9tences et de la capacit\u00e9 de conception et de d\u00e9veloppement de sites Web en interne pour y parvenir.  <br\/><br\/>Nous ferons de vos objectifs les n\u00f4tres tout au long du projet, en nous assurant que ce que nous vous livrons est ad\u00e9quat et qu&rsquo;il correspond aux besoins de votre entreprise.<\/p>\n<\/div><\/div>\n<\/div><\/div><\/div>\n","protected":false},"excerpt":{"rendered":"<p>Qui sommes-nous ? Passionn\u00e9s. Flexibles. Sp\u00e9cialis\u00e9s. Exp\u00e9riment\u00e9s. Nous sommes une soci\u00e9t\u00e9 de cr\u00e9ation de sites Internet. Nous sommes bas\u00e9s \u00e0 Amsterdam et nous concevons des solutions digitales pour vous garantir une presence en ligne des entreprises de nos clients. Nos solutions Internet facilitent les interactions avec vos clients et collaborateurs. Nous avons plus de 20&#8230;<\/p>\n","protected":false},"author":2,"featured_media":0,"parent":0,"menu_order":0,"comment_status":"closed","ping_status":"closed","template":"","meta":{"inline_featured_image":false,"_kad_blocks_custom_css":"","_kad_blocks_head_custom_js":"","_kad_blocks_body_custom_js":"","_kad_blocks_footer_custom_js":"","_kadence_starter_templates_imported_post":false,"_kad_post_transparent":"","_kad_post_title":"","_kad_post_layout":"","_kad_post_sidebar_id":"","_kad_post_content_style":"","_kad_post_vertical_padding":"","_kad_post_feature":"","_kad_post_feature_position":"","_kad_post_header":false,"_kad_post_footer":false,"_kad_post_classname":"","footnotes":""},"class_list":["post-1220","page","type-page","status-publish","hentry"],"taxonomy_info":[],"featured_image_src_large":false,"author_info":{"display_name":"kG2JkTgqIh","author_link":"https:\/\/goforflex.com\/fr\/author\/flexadmin\/"},"comment_info":0,"_links":{"self":[{"href":"https:\/\/goforflex.com\/fr\/wp-json\/wp\/v2\/pages\/1220","targetHints":{"allow":["GET"]}}],"collection":[{"href":"https:\/\/goforflex.com\/fr\/wp-json\/wp\/v2\/pages"}],"about":[{"href":"https:\/\/goforflex.com\/fr\/wp-json\/wp\/v2\/types\/page"}],"author":[{"embeddable":true,"href":"https:\/\/goforflex.com\/fr\/wp-json\/wp\/v2\/users\/2"}],"replies":[{"embeddable":true,"href":"https:\/\/goforflex.com\/fr\/wp-json\/wp\/v2\/comments?post=1220"}],"version-history":[{"count":9,"href":"https:\/\/goforflex.com\/fr\/wp-json\/wp\/v2\/pages\/1220\/revisions"}],"predecessor-version":[{"id":1240,"href":"https:\/\/goforflex.com\/fr\/wp-json\/wp\/v2\/pages\/1220\/revisions\/1240"}],"wp:attachment":[{"href":"https:\/\/goforflex.com\/fr\/wp-json\/wp\/v2\/media?parent=1220"}],"curies":[{"name":"wp","href":"https:\/\/api.w.org\/{rel}","templated":true}]}}